{"id":705,"date":"2017-07-17T09:03:29","date_gmt":"2017-07-17T09:03:29","guid":{"rendered":"https:\/\/www.tipika.it\/?page_id=705"},"modified":"2017-07-17T11:26:52","modified_gmt":"2017-07-17T11:26:52","slug":"gruppo-acquisto-sociale","status":"publish","type":"page","link":"https:\/\/tipika.it\/en\/gruppo-acquisto-sociale\/","title":{"rendered":"Gruppo di acquisto sociale"},"content":{"rendered":"<h2><img loading=\"lazy\" decoding=\"async\" class=\"aligncenter wp-image-708 \" src=\"https:\/\/www.tipika.it\/wp-content\/uploads\/2017\/07\/crea-tuo-gruppo-acquisto.jpg\" alt=\"\" width=\"558\" height=\"298\" srcset=\"https:\/\/tipika.it\/wp-content\/uploads\/2017\/07\/crea-tuo-gruppo-acquisto.jpg 425w, https:\/\/tipika.it\/wp-content\/uploads\/2017\/07\/crea-tuo-gruppo-acquisto-416x222.jpg 416w, https:\/\/tipika.it\/wp-content\/uploads\/2017\/07\/crea-tuo-gruppo-acquisto-300x160.jpg 300w\" sizes=\"(max-width: 558px) 100vw, 558px\" \/><\/h2>\n<h2>Hai tanti amici? Fai parte di un condominio numeroso? Hai un&#8217;associazione? Amministri una pagina sui social? Hai a che fare con le persone?<\/h2>\n<p><span style=\"font-size: 18pt;\">Se la risposta \u00e8 si almeno ad una di queste domande ti consigliamo di costituire e promuovere un gruppo di acquisto sociale in sigla GAS proponendo i nostri prodotti.<\/span><\/p>\n<p><a href=\"https:\/\/www.tipika.it\/contatti\/\"><img loading=\"lazy\" decoding=\"async\" class=\"alignnone wp-image-717 aligncenter\" src=\"https:\/\/www.tipika.it\/wp-content\/uploads\/2017\/07\/contatti-tipika.jpg\" alt=\"\" width=\"218\" height=\"86\" srcset=\"https:\/\/tipika.it\/wp-content\/uploads\/2017\/07\/contatti-tipika.jpg 1140w, https:\/\/tipika.it\/wp-content\/uploads\/2017\/07\/contatti-tipika-600x237.jpg 600w, https:\/\/tipika.it\/wp-content\/uploads\/2017\/07\/contatti-tipika-300x118.jpg 300w, https:\/\/tipika.it\/wp-content\/uploads\/2017\/07\/contatti-tipika-768x303.jpg 768w, https:\/\/tipika.it\/wp-content\/uploads\/2017\/07\/contatti-tipika-1024x404.jpg 1024w\" sizes=\"(max-width: 218px) 100vw, 218px\" \/><\/a><\/p>\n<blockquote><p><span style=\"font-size: 18pt;\"><strong>Ma cos&#8217;\u00e8 un GAS?<\/strong><\/span><\/p><\/blockquote>\n<p><span style=\"font-size: 18pt;\">Quando un gruppo di persone decide di incontrarsi per riflettere sui propri consumi e per acquistare prodotti di uso comune, utilizzando come criterio guida il concetto di giustizia e solidariet\u00e0, d\u00e0 vita a un GAS. <\/span><br \/>\n<span style=\"font-size: 18pt;\">Finalit\u00e0 di un GAS \u00e8 provvedere all&#8217;acquisto di beni e servizi cercando di realizzare una concezione pi\u00f9 umana dell&#8217;economia, cio\u00e8 pi\u00f9 vicina alle esigenze reali dell&#8217;uomo e dell&#8217;ambiente, formulando un&#8217;etica del consumare in modo critico che unisce le persone invece di dividerle, che mette in comune tempo e risorse invece di tenerli separati, che porta alla condivisione invece di rinchiudere ciascuno in un proprio mondo (di consumi).<\/span><br \/>\n<span style=\"font-size: 18pt;\">Essere un GAS perci\u00f2 non vuole dire soltanto risparmiare acquistando maggiori quantitativi, ma soprattutto chiedersi che cosa c&#8217;\u00e8 dietro a un determinato bene di consumo:<\/span><\/p>\n<ul>\n<li><span style=\"font-size: 18pt;\">se chi lo ha prodotto ha rispettato le risorse naturali e le persone che le hanno trasformate;<\/span><\/li>\n<li><span style=\"font-size: 18pt;\">quanto del costo finale serve a pagare il lavoro e quanto invece la pubblicit\u00e0 e la distribuzione;<\/span><\/li>\n<li><span style=\"font-size: 18pt;\">qual \u00e8 l&#8217;impatto sull&#8217;ambiente in termini di inquinamento, imballaggio, trasporto<\/span><\/li>\n<\/ul>\n<blockquote><p><span style=\"font-size: 18pt;\"><strong>Per noi<\/strong><\/span><\/p><\/blockquote>\n<p><span style=\"font-size: 18pt;\">Per noi un gas \u00e8 un&#8217;insieme di persone che vogliono unirsi negli acquisti per ottenere come risultato principale un ottimale rapporto tra qualit\u00e0 e prezzo. Che hanno come faro indicatore la ricerca della qualit\u00e0 in ci\u00f2 che acquistano.\u00a0<\/span><\/p>\n<p><span style=\"font-size: 18pt;\">I soggetti associativi senza scopo di lucro costituiti al fine di svolgere attivit\u00e0 di acquisto collettivo di beni e distribuzione dei medesimi, senza applicazione di alcun ricarico, esclusivamente agli aderenti, con finalit\u00e0 etiche, di solidariet\u00e0 sociale e di sostenibilit\u00e0 ambientale, indiretta attuazione degli scopi istituzionali e con esclusione di attivit\u00e0 di somministrazione e di vendita.<\/span><\/p>\n<p>&nbsp;<\/p>\n<blockquote><p><span style=\"font-size: 18pt;\"><strong>Vantaggi per i componenti dei GAS che consumano i prodotti di Tipika:<\/strong><\/span><\/p><\/blockquote>\n<ul>\n<li><span style=\"font-size: 18pt;\">prodotti controllati;<\/span><\/li>\n<li><span style=\"font-size: 18pt;\">prodotti certificati;<\/span><\/li>\n<li><span style=\"font-size: 18pt;\">prodotti che rientrano nei sistemi di certificazione di qualit\u00e0 alimentare;<\/span><\/li>\n<li><span style=\"font-size: 18pt;\">prodotti di nicchia;<\/span><\/li>\n<li><span style=\"font-size: 18pt;\">risparmio sul prezzo d&#8217;acquisto che va dal 5 al 15 %;<\/span><\/li>\n<\/ul>\n<blockquote><p><span style=\"font-size: 18pt;\"><strong>Vantaggi per gli organizzatori dei GAS che propongono i prodotti di Tipika:<\/strong><\/span><\/p><\/blockquote>\n<ul>\n<li><span style=\"font-size: 18pt;\">certezza dei tempi di consegna dei prodotti;<\/span><\/li>\n<li><span style=\"font-size: 18pt;\">certezza della qualit\u00e0 dei prodotti (biologici, dop, doc, igt, docg, ecc.);<\/span><\/li>\n<li><span style=\"font-size: 18pt;\">codice promozionale per gli acquisti personali o cedola per procacciatore.<\/span><\/li>\n<\/ul>\n<p style=\"text-align: center;\"><a href=\"https:\/\/www.tipika.it\/contatti\/\"><img loading=\"lazy\" decoding=\"async\" class=\"wp-image-717 aligncenter\" src=\"https:\/\/www.tipika.it\/wp-content\/uploads\/2017\/07\/contatti-tipika.jpg\" alt=\"\" width=\"218\" height=\"86\" srcset=\"https:\/\/tipika.it\/wp-content\/uploads\/2017\/07\/contatti-tipika.jpg 1140w, https:\/\/tipika.it\/wp-content\/uploads\/2017\/07\/contatti-tipika-600x237.jpg 600w, https:\/\/tipika.it\/wp-content\/uploads\/2017\/07\/contatti-tipika-300x118.jpg 300w, https:\/\/tipika.it\/wp-content\/uploads\/2017\/07\/contatti-tipika-768x303.jpg 768w, https:\/\/tipika.it\/wp-content\/uploads\/2017\/07\/contatti-tipika-1024x404.jpg 1024w\" sizes=\"(max-width: 218px) 100vw, 218px\" \/><\/a><\/p>\n","protected":false},"excerpt":{"rendered":"<p>Hai tanti amici? Fai parte di un condominio numeroso? Hai un&#8217;associazione? Amministri una pagina sui social? Hai a che fare con le persone? Se la risposta \u00e8 si almeno ad [&hellip;]<\/p>\n","protected":false},"author":1,"featured_media":0,"parent":0,"menu_order":0,"comment_status":"closed","ping_status":"closed","template":"","meta":{"footnotes":""},"yoast_head":"<!-- This site is optimized with the Yoast SEO plugin v22.2 - https:\/\/yoast.com\/wordpress\/plugins\/seo\/ -->\n<title>Gruppo di acquisto sociale con la qualit\u00e0 dei prodotti di Tipika<\/title>\n<meta name=\"description\" content=\"Proponendo i nostri prodotti avrai tanti vantaggi. Il primo \u00e8 che farai bella figura grazie alla qualit\u00e0 selezionata, potrai risparmiare ...\" \/>\n<meta name=\"robots\" content=\"index, follow, max-snippet:-1, max-image-preview:large, max-video-preview:-1\" \/>\n<link rel=\"canonical\" href=\"https:\/\/tipika.it\/en\/gruppo-acquisto-sociale\/\" \/>\n<meta property=\"og:locale\" content=\"en_US\" \/>\n<meta property=\"og:type\" content=\"article\" \/>\n<meta property=\"og:title\" content=\"Gruppo di acquisto sociale con la qualit\u00e0 dei prodotti di Tipika\" \/>\n<meta property=\"og:description\" content=\"Proponendo i nostri prodotti avrai tanti vantaggi. Il primo \u00e8 che farai bella figura grazie alla qualit\u00e0 selezionata, potrai risparmiare ...\" \/>\n<meta property=\"og:url\" content=\"https:\/\/tipika.it\/en\/gruppo-acquisto-sociale\/\" \/>\n<meta property=\"og:site_name\" content=\"Tipika\u00ae\" \/>\n<meta property=\"article:publisher\" content=\"https:\/\/www.facebook.com\/tipikaitalia\/\" \/>\n<meta property=\"article:modified_time\" content=\"2017-07-17T11:26:52+00:00\" \/>\n<meta property=\"og:image\" content=\"https:\/\/www.tipika.it\/wp-content\/uploads\/2017\/07\/crea-tuo-gruppo-acquisto.jpg\" \/>\n<meta name=\"twitter:card\" content=\"summary_large_image\" \/>\n<meta name=\"twitter:label1\" content=\"Est. reading time\" \/>\n\t<meta name=\"twitter:data1\" content=\"2 minutes\" \/>\n<script type=\"application\/ld+json\" class=\"yoast-schema-graph\">{\"@context\":\"https:\/\/schema.org\",\"@graph\":[{\"@type\":\"WebPage\",\"@id\":\"https:\/\/tipika.it\/en\/gruppo-acquisto-sociale\/\",\"url\":\"https:\/\/tipika.it\/en\/gruppo-acquisto-sociale\/\",\"name\":\"Gruppo di acquisto sociale con la qualit\u00e0 dei prodotti di Tipika\",\"isPartOf\":{\"@id\":\"https:\/\/tipika.it\/#website\"},\"primaryImageOfPage\":{\"@id\":\"https:\/\/tipika.it\/en\/gruppo-acquisto-sociale\/#primaryimage\"},\"image\":{\"@id\":\"https:\/\/tipika.it\/en\/gruppo-acquisto-sociale\/#primaryimage\"},\"thumbnailUrl\":\"https:\/\/www.tipika.it\/wp-content\/uploads\/2017\/07\/crea-tuo-gruppo-acquisto.jpg\",\"datePublished\":\"2017-07-17T09:03:29+00:00\",\"dateModified\":\"2017-07-17T11:26:52+00:00\",\"description\":\"Proponendo i nostri prodotti avrai tanti vantaggi. Il primo \u00e8 che farai bella figura grazie alla qualit\u00e0 selezionata, potrai risparmiare ...\",\"breadcrumb\":{\"@id\":\"https:\/\/tipika.it\/en\/gruppo-acquisto-sociale\/#breadcrumb\"},\"inLanguage\":\"en-US\",\"potentialAction\":[{\"@type\":\"ReadAction\",\"target\":[\"https:\/\/tipika.it\/en\/gruppo-acquisto-sociale\/\"]}]},{\"@type\":\"ImageObject\",\"inLanguage\":\"en-US\",\"@id\":\"https:\/\/tipika.it\/en\/gruppo-acquisto-sociale\/#primaryimage\",\"url\":\"https:\/\/www.tipika.it\/wp-content\/uploads\/2017\/07\/crea-tuo-gruppo-acquisto.jpg\",\"contentUrl\":\"https:\/\/www.tipika.it\/wp-content\/uploads\/2017\/07\/crea-tuo-gruppo-acquisto.jpg\"},{\"@type\":\"BreadcrumbList\",\"@id\":\"https:\/\/tipika.it\/en\/gruppo-acquisto-sociale\/#breadcrumb\",\"itemListElement\":[{\"@type\":\"ListItem\",\"position\":1,\"name\":\"Home\",\"item\":\"https:\/\/tipika.it\/en\/\"},{\"@type\":\"ListItem\",\"position\":2,\"name\":\"Gruppo di acquisto sociale\"}]},{\"@type\":\"WebSite\",\"@id\":\"https:\/\/tipika.it\/#website\",\"url\":\"https:\/\/tipika.it\/\",\"name\":\"Tipika\u00ae\",\"description\":\"La tipicit\u00e0 intesa come identit\u00e0 di un territorio\",\"publisher\":{\"@id\":\"https:\/\/tipika.it\/#organization\"},\"potentialAction\":[{\"@type\":\"SearchAction\",\"target\":{\"@type\":\"EntryPoint\",\"urlTemplate\":\"https:\/\/tipika.it\/?s={search_term_string}\"},\"query-input\":\"required name=search_term_string\"}],\"inLanguage\":\"en-US\"},{\"@type\":\"Organization\",\"@id\":\"https:\/\/tipika.it\/#organization\",\"name\":\"Tipika\",\"url\":\"https:\/\/tipika.it\/\",\"logo\":{\"@type\":\"ImageObject\",\"inLanguage\":\"en-US\",\"@id\":\"https:\/\/tipika.it\/#\/schema\/logo\/image\/\",\"url\":\"\",\"contentUrl\":\"\",\"caption\":\"Tipika\"},\"image\":{\"@id\":\"https:\/\/tipika.it\/#\/schema\/logo\/image\/\"},\"sameAs\":[\"https:\/\/www.facebook.com\/tipikaitalia\/\"]}]}<\/script>\n<!-- \/ Yoast SEO plugin. -->","yoast_head_json":{"title":"Gruppo di acquisto sociale con la qualit\u00e0 dei prodotti di Tipika","description":"Proponendo i nostri prodotti avrai tanti vantaggi. Il primo \u00e8 che farai bella figura grazie alla qualit\u00e0 selezionata, potrai risparmiare ...","robots":{"index":"index","follow":"follow","max-snippet":"max-snippet:-1","max-image-preview":"max-image-preview:large","max-video-preview":"max-video-preview:-1"},"canonical":"https:\/\/tipika.it\/en\/gruppo-acquisto-sociale\/","og_locale":"en_US","og_type":"article","og_title":"Gruppo di acquisto sociale con la qualit\u00e0 dei prodotti di Tipika","og_description":"Proponendo i nostri prodotti avrai tanti vantaggi. Il primo \u00e8 che farai bella figura grazie alla qualit\u00e0 selezionata, potrai risparmiare ...","og_url":"https:\/\/tipika.it\/en\/gruppo-acquisto-sociale\/","og_site_name":"Tipika\u00ae","article_publisher":"https:\/\/www.facebook.com\/tipikaitalia\/","article_modified_time":"2017-07-17T11:26:52+00:00","og_image":[{"url":"https:\/\/www.tipika.it\/wp-content\/uploads\/2017\/07\/crea-tuo-gruppo-acquisto.jpg"}],"twitter_card":"summary_large_image","twitter_misc":{"Est. reading time":"2 minutes"},"schema":{"@context":"https:\/\/schema.org","@graph":[{"@type":"WebPage","@id":"https:\/\/tipika.it\/en\/gruppo-acquisto-sociale\/","url":"https:\/\/tipika.it\/en\/gruppo-acquisto-sociale\/","name":"Gruppo di acquisto sociale con la qualit\u00e0 dei prodotti di Tipika","isPartOf":{"@id":"https:\/\/tipika.it\/#website"},"primaryImageOfPage":{"@id":"https:\/\/tipika.it\/en\/gruppo-acquisto-sociale\/#primaryimage"},"image":{"@id":"https:\/\/tipika.it\/en\/gruppo-acquisto-sociale\/#primaryimage"},"thumbnailUrl":"https:\/\/www.tipika.it\/wp-content\/uploads\/2017\/07\/crea-tuo-gruppo-acquisto.jpg","datePublished":"2017-07-17T09:03:29+00:00","dateModified":"2017-07-17T11:26:52+00:00","description":"Proponendo i nostri prodotti avrai tanti vantaggi. Il primo \u00e8 che farai bella figura grazie alla qualit\u00e0 selezionata, potrai risparmiare ...","breadcrumb":{"@id":"https:\/\/tipika.it\/en\/gruppo-acquisto-sociale\/#breadcrumb"},"inLanguage":"en-US","potentialAction":[{"@type":"ReadAction","target":["https:\/\/tipika.it\/en\/gruppo-acquisto-sociale\/"]}]},{"@type":"ImageObject","inLanguage":"en-US","@id":"https:\/\/tipika.it\/en\/gruppo-acquisto-sociale\/#primaryimage","url":"https:\/\/www.tipika.it\/wp-content\/uploads\/2017\/07\/crea-tuo-gruppo-acquisto.jpg","contentUrl":"https:\/\/www.tipika.it\/wp-content\/uploads\/2017\/07\/crea-tuo-gruppo-acquisto.jpg"},{"@type":"BreadcrumbList","@id":"https:\/\/tipika.it\/en\/gruppo-acquisto-sociale\/#breadcrumb","itemListElement":[{"@type":"ListItem","position":1,"name":"Home","item":"https:\/\/tipika.it\/en\/"},{"@type":"ListItem","position":2,"name":"Gruppo di acquisto sociale"}]},{"@type":"WebSite","@id":"https:\/\/tipika.it\/#website","url":"https:\/\/tipika.it\/","name":"Tipika\u00ae","description":"La tipicit\u00e0 intesa come identit\u00e0 di un territorio","publisher":{"@id":"https:\/\/tipika.it\/#organization"},"potentialAction":[{"@type":"SearchAction","target":{"@type":"EntryPoint","urlTemplate":"https:\/\/tipika.it\/?s={search_term_string}"},"query-input":"required name=search_term_string"}],"inLanguage":"en-US"},{"@type":"Organization","@id":"https:\/\/tipika.it\/#organization","name":"Tipika","url":"https:\/\/tipika.it\/","logo":{"@type":"ImageObject","inLanguage":"en-US","@id":"https:\/\/tipika.it\/#\/schema\/logo\/image\/","url":"","contentUrl":"","caption":"Tipika"},"image":{"@id":"https:\/\/tipika.it\/#\/schema\/logo\/image\/"},"sameAs":["https:\/\/www.facebook.com\/tipikaitalia\/"]}]}},"_links":{"self":[{"href":"https:\/\/tipika.it\/en\/wp-json\/wp\/v2\/pages\/705"}],"collection":[{"href":"https:\/\/tipika.it\/en\/wp-json\/wp\/v2\/pages"}],"about":[{"href":"https:\/\/tipika.it\/en\/wp-json\/wp\/v2\/types\/page"}],"author":[{"embeddable":true,"href":"https:\/\/tipika.it\/en\/wp-json\/wp\/v2\/users\/1"}],"replies":[{"embeddable":true,"href":"https:\/\/tipika.it\/en\/wp-json\/wp\/v2\/comments?post=705"}],"version-history":[{"count":0,"href":"https:\/\/tipika.it\/en\/wp-json\/wp\/v2\/pages\/705\/revisions"}],"wp:attachment":[{"href":"https:\/\/tipika.it\/en\/wp-json\/wp\/v2\/media?parent=705"}],"curies":[{"name":"wp","href":"https:\/\/api.w.org\/{rel}","templated":true}]}}